{"id":817,"date":"2022-05-30T14:07:54","date_gmt":"2022-05-30T12:07:54","guid":{"rendered":"https:\/\/unica6g.it.uc3m.es\/?page_id=817"},"modified":"2022-06-15T18:49:56","modified_gmt":"2022-06-15T16:49:56","slug":"6g-clarion","status":"publish","type":"page","link":"https:\/\/unica6g.it.uc3m.es\/en\/6g-clarion\/","title":{"rendered":"6G-CLARION"},"content":{"rendered":"<div data-elementor-type=\"wp-page\" data-elementor-id=\"817\" class=\"elementor elementor-817\">\n\t\t\t\t\t\t\t\t\t<section class=\"elementor-section elementor-top-section elementor-element elementor-element-7dbfc1fe elementor-section-boxed elementor-section-height-default elementor-section-height-default\" data-id=\"7dbfc1fe\" data-element_type=\"section\">\n\t\t\t\t\t\t<div class=\"elementor-container elementor-column-gap-default\">\n\t\t\t\t\t<div class=\"elementor-column elementor-col-100 elementor-top-column elementor-element elementor-element-3fa99ebe\" data-id=\"3fa99ebe\" data-element_type=\"column\">\n\t\t\t<div class=\"elementor-widget-wrap elementor-element-populated\">\n\t\t\t\t\t\t\t\t<div class=\"elementor-element elementor-element-70c10d49 elementor-widget elementor-widget-heading\" data-id=\"70c10d49\" data-element_type=\"widget\" data-widget_type=\"heading.default\">\n\t\t\t\t<div class=\"elementor-widget-container\">\n\t\t\t<style>\/*! elementor - v3.6.6 - 08-06-2022 *\/\n.elementor-heading-title{padding:0;margin:0;line-height:1}.elementor-widget-heading .elementor-heading-title[class*=elementor-size-]>a{color:inherit;font-size:inherit;line-height:inherit}.elementor-widget-heading .elementor-heading-title.elementor-size-small{font-size:15px}.elementor-widget-heading .elementor-heading-title.elementor-size-medium{font-size:19px}.elementor-widget-heading .elementor-heading-title.elementor-size-large{font-size:29px}.elementor-widget-heading .elementor-heading-title.elementor-size-xl{font-size:39px}.elementor-widget-heading .elementor-heading-title.elementor-size-xxl{font-size:59px}<\/style><h1 class=\"elementor-heading-title elementor-size-large\">A global ecosystem for cloud-native network functions for 6G networks<\/h1>\t\t<\/div>\n\t\t\t\t<\/div>\n\t\t\t\t\t<\/div>\n\t\t<\/div>\n\t\t\t\t\t\t\t<\/div>\n\t\t<\/section>\n\t\t\t\t<section class=\"elementor-section elementor-top-section elementor-element elementor-element-39a223a2 elementor-section-boxed elementor-section-height-default elementor-section-height-default\" data-id=\"39a223a2\" data-element_type=\"section\">\n\t\t\t\t\t\t<div class=\"elementor-container elementor-column-gap-default\">\n\t\t\t\t\t<div class=\"elementor-column elementor-col-100 elementor-top-column elementor-element elementor-element-c89e91d\" data-id=\"c89e91d\" data-element_type=\"column\">\n\t\t\t<div class=\"elementor-widget-wrap elementor-element-populated\">\n\t\t\t\t\t\t\t\t<div class=\"elementor-element elementor-element-38d5bc1c elementor-widget elementor-widget-text-editor\" data-id=\"38d5bc1c\" data-element_type=\"widget\" data-widget_type=\"text-editor.default\">\n\t\t\t\t<div class=\"elementor-widget-container\">\n\t\t\t<style>\/*! elementor - v3.6.6 - 08-06-2022 *\/\n.elementor-widget-text-editor.elementor-drop-cap-view-stacked .elementor-drop-cap{background-color:#818a91;color:#fff}.elementor-widget-text-editor.elementor-drop-cap-view-framed .elementor-drop-cap{color:#818a91;border:3px solid;background-color:transparent}.elementor-widget-text-editor:not(.elementor-drop-cap-view-default) .elementor-drop-cap{margin-top:8px}.elementor-widget-text-editor:not(.elementor-drop-cap-view-default) .elementor-drop-cap-letter{width:1em;height:1em}.elementor-widget-text-editor .elementor-drop-cap{float:left;text-align:center;line-height:1;font-size:50px}.elementor-widget-text-editor .elementor-drop-cap-letter{display:inline-block}<\/style>\t\t\t\t<p>While innovative paradigms have already been adopted in the cloud computing environment such as the <em>serverless computing<\/em> and <em>function as a service<\/em>, the world of telecommunications is still lagging behind.<\/p><p>It is therefore critical to ensure that the virtual network functions that will make up 6G are truly cloud-native and exploit the full potential of virtualization and <em>softwarizaci\u00f3n<\/em>.<\/p><p>6G-CLARION will study this ecosystem by finding new solutions for (i) Cloud-native VNF for 6G, especially in access (where the potential of the new software paradigm is largely unexplored), that are standards-compliant (ii) Novel orchestration solutions, based on Machine Learning, that can handle the increased complexity of softwarized network architectures, (iii) Provide implementations for such solutions.<\/p>\t\t\t\t\t\t<\/div>\n\t\t\t\t<\/div>\n\t\t\t\t\t<\/div>\n\t\t<\/div>\n\t\t\t\t\t\t\t<\/div>\n\t\t<\/section>\n\t\t\t\t<section class=\"elementor-section elementor-top-section elementor-element elementor-element-296bd0ec elementor-section-boxed elementor-section-height-default elementor-section-height-default\" data-id=\"296bd0ec\" data-element_type=\"section\">\n\t\t\t\t\t\t<div class=\"elementor-container elementor-column-gap-default\">\n\t\t\t\t\t<div class=\"elementor-column elementor-col-100 elementor-top-column elementor-element elementor-element-3fd07fae\" data-id=\"3fd07fae\" data-element_type=\"column\">\n\t\t\t<div class=\"elementor-widget-wrap elementor-element-populated\">\n\t\t\t\t\t\t\t\t<div class=\"elementor-element elementor-element-7d387266 elementor-widget elementor-widget-heading\" data-id=\"7d387266\" data-element_type=\"widget\" data-widget_type=\"heading.default\">\n\t\t\t\t<div class=\"elementor-widget-container\">\n\t\t\t<span class=\"elementor-heading-title elementor-size-default\">Project manager<\/span>\t\t<\/div>\n\t\t\t\t<\/div>\n\t\t\t\t\t<\/div>\n\t\t<\/div>\n\t\t\t\t\t\t\t<\/div>\n\t\t<\/section>\n\t\t\t\t<section class=\"elementor-section elementor-top-section elementor-element elementor-element-658c56dc elementor-section-boxed elementor-section-height-default elementor-section-height-default\" data-id=\"658c56dc\" data-element_type=\"section\">\n\t\t\t\t\t\t<div class=\"elementor-container elementor-column-gap-default\">\n\t\t\t\t\t<div class=\"elementor-column elementor-col-100 elementor-top-column elementor-element elementor-element-1ef96ac0\" data-id=\"1ef96ac0\" data-element_type=\"column\">\n\t\t\t<div class=\"elementor-widget-wrap\">\n\t\t\t\t\t\t\t\t\t<\/div>\n\t\t<\/div>\n\t\t\t\t\t\t\t<\/div>\n\t\t<\/section>\n\t\t\t\t<section class=\"elementor-section elementor-top-section elementor-element elementor-element-3303e800 elementor-section-boxed elementor-section-height-default elementor-section-height-default\" data-id=\"3303e800\" data-element_type=\"section\" data-settings=\"{&quot;shape_divider_top&quot;:&quot;pyramids&quot;}\">\n\t\t\t\t\t<div class=\"elementor-shape elementor-shape-top\" data-negative=\"false\">\n\t\t\t<svg xmlns=\"http:\/\/www.w3.org\/2000\/svg\" viewbox=\"0 0 1000 100\" preserveaspectratio=\"none\">\n\t<path class=\"elementor-shape-fill\" d=\"M761.9,44.1L643.1,27.2L333.8,98L0,3.8V0l1000,0v3.9\"\/>\n<\/svg>\t\t<\/div>\n\t\t\t\t\t<div class=\"elementor-container elementor-column-gap-default\">\n\t\t\t\t\t<div class=\"elementor-column elementor-col-100 elementor-top-column elementor-element elementor-element-4c5acb4d\" data-id=\"4c5acb4d\" data-element_type=\"column\">\n\t\t\t<div class=\"elementor-widget-wrap elementor-element-populated\">\n\t\t\t\t\t\t\t\t<div class=\"elementor-element elementor-element-4df750f0 elementor-widget elementor-widget-text-editor\" data-id=\"4df750f0\" data-element_type=\"widget\" data-settings=\"{&quot;_animation&quot;:&quot;none&quot;}\" data-widget_type=\"text-editor.default\">\n\t\t\t\t<div class=\"elementor-widget-container\">\n\t\t\t\t\t\t\t<p>Dr. Albert Banchs received his BS degree in Telecommunication Engineering from UPC BarcelonaTech, Spain, in 1997, and his PhD degree from the same university in 2002. He was a visiting researcher at ICSI, Berkeley, CA, in 1997, worked for Telefonica R&amp;D, Spain, in 1998, and for the Network Laboratories of NEC Europe Ltd., Germany, from 1998 to 2003. Since 2003, he has been working at Universidad Carlos III de Madrid. Since 2009, he also has a dual affiliation as deputy director of the research institute IMDEA Networks (he was acting director from 2009 to 2012). He was an academic guest at ETHZ in 2012, a visiting professor at EPFL in 2013, 2015 and 2018, and a Fulbright scholar at the University of Texas at Austin in 2019.<\/p><p><span style=\"color: var( --e-global-color-text );\">Dr. Banchs has authored over 100 conference and journal papers, including publications in major conferences such as IEEE INFOCOM, ACM MOBICOM, ACM CoNEXT, ACM IMC, WWW, and IEEE ICNP, and in leading journals such as IEEE\/ACM ToN, IEEE JSAC, IEEE TMC, IEEE TWC, and IEEE TVT (see his Google Scholar profile). Prof. Banchs is editor of IEEE\/ACM Transactions on Networking, and has served as editor of IEEE Transactions on Wireless Communications (2014-2019), Green Networking and Communication Series of IEEE JSAC (2015-2016), Computer Communications (2010-2014) and IEEE Communications Letters (2005-2012). He has served on many TPCs (including IEEE INFOCOM, IEEE GLOBECOM, IEEE ICC, IEEE WoWMoM, IEEE PIMRC, IEEE WCNC, IEEE VTC, ITC and ACM WiNTECH) and organizational committees (general chair of IEEE Online GreenComm 2013 and ACM WiNTECH 2013, general vice chair of EWSN 2018 and TPC co-chair of IEEE WoWMoM 2012, European Wireless 2010 and IEEE HotMESH 2010).<\/span><\/p><p><span style=\"color: var( --e-global-color-text );\">Prof. Albert Banchs has been a key contributor to many EU projects. He was the coordinator of two projects (FP7 ICT CARMEN and FP7 ICT iJOIN), the technical manager of the H2020 project <a href=\"https:\/\/5g-monarch.eu\" target=\"_blank\" rel=\"noopener\">5G-MoNArch<\/a> and is currently the Deputy Technical Director of the H2020 project. <a href=\"https:\/\/5gtours.eu\" target=\"_blank\" rel=\"noopener\">5G-TOURS<\/a>. Dr. Banchs has also been the principal investigator of several industry contracts with major manufacturers, network operators and SMEs. He is the inventor of 7 granted patents and has authored a number of standardization proposals in the IETF and IEEE. Some of the algorithms he has devised have been incorporated into commercial products. He is a senior member of the IEEE and was an IEEE Distinguished Lecturer in 2016-2017.<\/span><\/p>\t\t\t\t\t\t<\/div>\n\t\t\t\t<\/div>\n\t\t\t\t\t<\/div>\n\t\t<\/div>\n\t\t\t\t\t\t\t<\/div>\n\t\t<\/section>\n\t\t\t\t<section class=\"elementor-section elementor-top-section elementor-element elementor-element-71c0bc2c elementor-section-boxed elementor-section-height-default elementor-section-height-default\" data-id=\"71c0bc2c\" data-element_type=\"section\">\n\t\t\t\t\t\t<div class=\"elementor-container elementor-column-gap-default\">\n\t\t\t\t\t<div class=\"elementor-column elementor-col-100 elementor-top-column elementor-element elementor-element-322da86a\" data-id=\"322da86a\" data-element_type=\"column\">\n\t\t\t<div class=\"elementor-widget-wrap elementor-element-populated\">\n\t\t\t\t\t\t\t\t<div class=\"elementor-element elementor-element-9214b70 elementor-widget elementor-widget-heading\" data-id=\"9214b70\" data-element_type=\"widget\" data-widget_type=\"heading.default\">\n\t\t\t\t<div class=\"elementor-widget-container\">\n\t\t\t<h2 class=\"elementor-heading-title elementor-size-default\">Subprojects<\/h2>\t\t<\/div>\n\t\t\t\t<\/div>\n\t\t\t\t\t<\/div>\n\t\t<\/div>\n\t\t\t\t\t\t\t<\/div>\n\t\t<\/section>\n\t\t\t\t<section class=\"elementor-section elementor-top-section elementor-element elementor-element-5ad77f36 elementor-section-boxed elementor-section-height-default elementor-section-height-default\" data-id=\"5ad77f36\" data-element_type=\"section\">\n\t\t\t\t\t\t<div class=\"elementor-container elementor-column-gap-default\">\n\t\t\t\t\t<div class=\"elementor-column elementor-col-25 elementor-top-column elementor-element elementor-element-5fa59226\" data-id=\"5fa59226\" data-element_type=\"column\">\n\t\t\t<div class=\"elementor-widget-wrap elementor-element-populated\">\n\t\t\t\t\t\t\t\t<div class=\"elementor-element elementor-element-281c88d elementor-position-top elementor-vertical-align-top elementor-widget elementor-widget-image-box\" data-id=\"281c88d\" data-element_type=\"widget\" data-widget_type=\"image-box.default\">\n\t\t\t\t<div class=\"elementor-widget-container\">\n\t\t\t<style>\/*! elementor - v3.6.6 - 08-06-2022 *\/\n.elementor-widget-image-box .elementor-image-box-content{width:100%}@media (min-width:768px){.elementor-widget-image-box.elementor-position-left .elementor-image-box-wrapper,.elementor-widget-image-box.elementor-position-right .elementor-image-box-wrapper{display:-webkit-box;display:-ms-flexbox;display:flex}.elementor-widget-image-box.elementor-position-right .elementor-image-box-wrapper{text-align:right;-webkit-box-orient:horizontal;-webkit-box-direction:reverse;-ms-flex-direction:row-reverse;flex-direction:row-reverse}.elementor-widget-image-box.elementor-position-left .elementor-image-box-wrapper{text-align:left;-webkit-box-orient:horizontal;-webkit-box-direction:normal;-ms-flex-direction:row;flex-direction:row}.elementor-widget-image-box.elementor-position-top .elementor-image-box-img{margin:auto}.elementor-widget-image-box.elementor-vertical-align-top .elementor-image-box-wrapper{-webkit-box-align:start;-ms-flex-align:start;align-items:flex-start}.elementor-widget-image-box.elementor-vertical-align-middle .elementor-image-box-wrapper{-webkit-box-align:center;-ms-flex-align:center;align-items:center}.elementor-widget-image-box.elementor-vertical-align-bottom .elementor-image-box-wrapper{-webkit-box-align:end;-ms-flex-align:end;align-items:flex-end}}@media (max-width:767px){.elementor-widget-image-box .elementor-image-box-img{margin-left:auto!important;margin-right:auto!important;margin-bottom:15px}}.elementor-widget-image-box .elementor-image-box-img{display:inline-block}.elementor-widget-image-box .elementor-image-box-title a{color:inherit}.elementor-widget-image-box .elementor-image-box-wrapper{text-align:center}.elementor-widget-image-box .elementor-image-box-description{margin:0}<\/style><div class=\"elementor-image-box-wrapper\"><figure class=\"elementor-image-box-img\"><img width=\"600\" height=\"400\" src=\"https:\/\/unica6g.it.uc3m.es\/wp-content\/uploads\/2022\/06\/web-g57beb9469_1920-e1654867606184.jpg\" class=\"elementor-animation-grow attachment-full size-full\" alt=\"\" loading=\"lazy\" \/><\/figure><div class=\"elementor-image-box-content\"><h4 class=\"elementor-image-box-title\">6G-CLARION-NFD<\/h4><p class=\"elementor-image-box-description\">This project will investigate new network functions that comprehensively integrate the cloud nativeness concept from its design, especially for the RAN.<\/p><\/div><\/div>\t\t<\/div>\n\t\t\t\t<\/div>\n\t\t\t\t\t<\/div>\n\t\t<\/div>\n\t\t\t\t<div class=\"elementor-column elementor-col-25 elementor-top-column elementor-element elementor-element-620560b0\" data-id=\"620560b0\" data-element_type=\"column\">\n\t\t\t<div class=\"elementor-widget-wrap elementor-element-populated\">\n\t\t\t\t\t\t\t\t<div class=\"elementor-element elementor-element-7c130e02 elementor-position-top elementor-vertical-align-top elementor-widget elementor-widget-image-box\" data-id=\"7c130e02\" data-element_type=\"widget\" data-widget_type=\"image-box.default\">\n\t\t\t\t<div class=\"elementor-widget-container\">\n\t\t\t<div class=\"elementor-image-box-wrapper\"><figure class=\"elementor-image-box-img\"><img width=\"600\" height=\"399\" src=\"https:\/\/unica6g.it.uc3m.es\/wp-content\/uploads\/2022\/06\/future-g0c69b1feb_1920-e1654866840154.jpg\" class=\"elementor-animation-grow attachment-full size-full\" alt=\"\" loading=\"lazy\" \/><\/figure><div class=\"elementor-image-box-content\"><h4 class=\"elementor-image-box-title\">6G-CLARION-OR<\/h4><p class=\"elementor-image-box-description\">This project will study orchestration mechanisms that, taking advantage of machine learning, will address the complexity of softwarized networks.<\/p><\/div><\/div>\t\t<\/div>\n\t\t\t\t<\/div>\n\t\t\t\t\t<\/div>\n\t\t<\/div>\n\t\t\t\t<div class=\"elementor-column elementor-col-25 elementor-top-column elementor-element elementor-element-3f661589\" data-id=\"3f661589\" data-element_type=\"column\">\n\t\t\t<div class=\"elementor-widget-wrap elementor-element-populated\">\n\t\t\t\t\t\t\t\t<div class=\"elementor-element elementor-element-203e3042 elementor-position-top elementor-vertical-align-top elementor-widget elementor-widget-image-box\" data-id=\"203e3042\" data-element_type=\"widget\" data-widget_type=\"image-box.default\">\n\t\t\t\t<div class=\"elementor-widget-container\">\n\t\t\t<div class=\"elementor-image-box-wrapper\"><figure class=\"elementor-image-box-img\"><img width=\"600\" height=\"400\" src=\"https:\/\/unica6g.it.uc3m.es\/wp-content\/uploads\/2022\/06\/trace-g06b5d3413_1920-e1654866732615.jpg\" class=\"elementor-animation-grow attachment-full size-full\" alt=\"\" loading=\"lazy\" \/><\/figure><div class=\"elementor-image-box-content\"><h4 class=\"elementor-image-box-title\"> 6G-CLARION-SI<\/h4><p class=\"elementor-image-box-description\">This project will implement new network functions that are standards-compliant and feature their latest developments, as well as integration with other domains such as SDN and fog computing.<\/p><\/div><\/div>\t\t<\/div>\n\t\t\t\t<\/div>\n\t\t\t\t\t<\/div>\n\t\t<\/div>\n\t\t\t\t<div class=\"elementor-column elementor-col-25 elementor-top-column elementor-element elementor-element-79c6e520\" data-id=\"79c6e520\" data-element_type=\"column\">\n\t\t\t<div class=\"elementor-widget-wrap elementor-element-populated\">\n\t\t\t\t\t\t\t\t<div class=\"elementor-element elementor-element-3b9c5b2e elementor-position-top elementor-vertical-align-top elementor-widget elementor-widget-image-box\" data-id=\"3b9c5b2e\" data-element_type=\"widget\" data-widget_type=\"image-box.default\">\n\t\t\t\t<div class=\"elementor-widget-container\">\n\t\t\t<div class=\"elementor-image-box-wrapper\"><figure class=\"elementor-image-box-img\"><img width=\"1920\" height=\"1280\" src=\"https:\/\/unica6g.it.uc3m.es\/wp-content\/uploads\/2022\/06\/network-g5652686a8_1920.jpg\" class=\"elementor-animation-grow attachment-full size-full\" alt=\"\" loading=\"lazy\" \/><\/figure><div class=\"elementor-image-box-content\"><h4 class=\"elementor-image-box-title\">6G-CLARION-OE<\/h4><p class=\"elementor-image-box-description\">It will bring cloud-native networking solutions to major network architecture frameworks.<\/p><\/div><\/div>\t\t<\/div>\n\t\t\t\t<\/div>\n\t\t\t\t\t<\/div>\n\t\t<\/div>\n\t\t\t\t\t\t\t<\/div>\n\t\t<\/section>\n\t\t\t\t\t\t\t<\/div>","protected":false},"excerpt":{"rendered":"<p>Un ecosistema global para funciones de red nativas de la nube para las redes 6G Si bien en el entorno de la computaci\u00f3n en la nube ya se adoptaron paradigmas innovadores como el de serverless computing y function as a service, el mundo de las telecomunicaciones todav\u00eda se est\u00e1 quedando atr\u00e1s. Por lo tanto, es&hellip; <br \/> <a class=\"read-more\" href=\"https:\/\/unica6g.it.uc3m.es\/en\/6g-clarion\/\">Read more<\/a><\/p>","protected":false},"author":1,"featured_media":0,"parent":0,"menu_order":0,"comment_status":"closed","ping_status":"closed","template":"","meta":[],"_links":{"self":[{"href":"https:\/\/unica6g.it.uc3m.es\/en\/wp-json\/wp\/v2\/pages\/817"}],"collection":[{"href":"https:\/\/unica6g.it.uc3m.es\/en\/wp-json\/wp\/v2\/pages"}],"about":[{"href":"https:\/\/unica6g.it.uc3m.es\/en\/wp-json\/wp\/v2\/types\/page"}],"author":[{"embeddable":true,"href":"https:\/\/unica6g.it.uc3m.es\/en\/wp-json\/wp\/v2\/users\/1"}],"replies":[{"embeddable":true,"href":"https:\/\/unica6g.it.uc3m.es\/en\/wp-json\/wp\/v2\/comments?post=817"}],"version-history":[{"count":72,"href":"https:\/\/unica6g.it.uc3m.es\/en\/wp-json\/wp\/v2\/pages\/817\/revisions"}],"predecessor-version":[{"id":1535,"href":"https:\/\/unica6g.it.uc3m.es\/en\/wp-json\/wp\/v2\/pages\/817\/revisions\/1535"}],"wp:attachment":[{"href":"https:\/\/unica6g.it.uc3m.es\/en\/wp-json\/wp\/v2\/media?parent=817"}],"curies":[{"name":"wp","href":"https:\/\/api.w.org\/{rel}","templated":true}]}}