{"id":774,"date":"2022-05-30T12:41:26","date_gmt":"2022-05-30T10:41:26","guid":{"rendered":"https:\/\/unica6g.it.uc3m.es\/?page_id=774"},"modified":"2022-06-15T18:51:22","modified_gmt":"2022-06-15T16:51:22","slug":"6g-sorus","status":"publish","type":"page","link":"https:\/\/unica6g.it.uc3m.es\/en\/6g-sorus\/","title":{"rendered":"6G-SORUS"},"content":{"rendered":"<div data-elementor-type=\"wp-page\" data-elementor-id=\"774\" class=\"elementor elementor-774\">\n\t\t\t\t\t\t\t\t\t<section class=\"elementor-section elementor-top-section elementor-element elementor-element-4b3042dd elementor-section-boxed elementor-section-height-default elementor-section-height-default\" data-id=\"4b3042dd\" data-element_type=\"section\">\n\t\t\t\t\t\t<div class=\"elementor-container elementor-column-gap-default\">\n\t\t\t\t\t<div class=\"elementor-column elementor-col-100 elementor-top-column elementor-element elementor-element-50085dfd\" data-id=\"50085dfd\" data-element_type=\"column\">\n\t\t\t<div class=\"elementor-widget-wrap elementor-element-populated\">\n\t\t\t\t\t\t\t\t<div class=\"elementor-element elementor-element-4bdc3d66 elementor-widget elementor-widget-heading\" data-id=\"4bdc3d66\" data-element_type=\"widget\" data-widget_type=\"heading.default\">\n\t\t\t\t<div class=\"elementor-widget-container\">\n\t\t\t<style>\/*! elementor - v3.6.6 - 08-06-2022 *\/\n.elementor-heading-title{padding:0;margin:0;line-height:1}.elementor-widget-heading .elementor-heading-title[class*=elementor-size-]>a{color:inherit;font-size:inherit;line-height:inherit}.elementor-widget-heading .elementor-heading-title.elementor-size-small{font-size:15px}.elementor-widget-heading .elementor-heading-title.elementor-size-medium{font-size:19px}.elementor-widget-heading .elementor-heading-title.elementor-size-large{font-size:29px}.elementor-widget-heading .elementor-heading-title.elementor-size-xl{font-size:39px}.elementor-widget-heading .elementor-heading-title.elementor-size-xxl{font-size:59px}<\/style><h1 class=\"elementor-heading-title elementor-size-large\">Sustainable orchestration of vRANs, UAVs and surfaces for 6G<\/h1>\t\t<\/div>\n\t\t\t\t<\/div>\n\t\t\t\t\t<\/div>\n\t\t<\/div>\n\t\t\t\t\t\t\t<\/div>\n\t\t<\/section>\n\t\t\t\t<section class=\"elementor-section elementor-top-section elementor-element elementor-element-6a34ea65 elementor-section-boxed elementor-section-height-default elementor-section-height-default\" data-id=\"6a34ea65\" data-element_type=\"section\">\n\t\t\t\t\t\t<div class=\"elementor-container elementor-column-gap-default\">\n\t\t\t\t\t<div class=\"elementor-column elementor-col-100 elementor-top-column elementor-element elementor-element-552d6e01\" data-id=\"552d6e01\" data-element_type=\"column\">\n\t\t\t<div class=\"elementor-widget-wrap elementor-element-populated\">\n\t\t\t\t\t\t\t\t<div class=\"elementor-element elementor-element-463670e3 elementor-widget elementor-widget-text-editor\" data-id=\"463670e3\" data-element_type=\"widget\" data-widget_type=\"text-editor.default\">\n\t\t\t\t<div class=\"elementor-widget-container\">\n\t\t\t<style>\/*! elementor - v3.6.6 - 08-06-2022 *\/\n.elementor-widget-text-editor.elementor-drop-cap-view-stacked .elementor-drop-cap{background-color:#818a91;color:#fff}.elementor-widget-text-editor.elementor-drop-cap-view-framed .elementor-drop-cap{color:#818a91;border:3px solid;background-color:transparent}.elementor-widget-text-editor:not(.elementor-drop-cap-view-default) .elementor-drop-cap{margin-top:8px}.elementor-widget-text-editor:not(.elementor-drop-cap-view-default) .elementor-drop-cap-letter{width:1em;height:1em}.elementor-widget-text-editor .elementor-drop-cap{float:left;text-align:center;line-height:1;font-size:50px}.elementor-widget-text-editor .elementor-drop-cap-letter{display:inline-block}<\/style>\t\t\t\t<p>Network virtualization is one of the most promising approaches to improve mobile network performance and efficiency; so much so that it is already employed in functions associated with the network edge: virtualization of the radio access network (vRAN). But virtualization alone cannot optimize sustainability in all envisioned B5G network deployment scenarios. To improve sustainability, the coordinated project also addresses the integration of two recent technologies to efficiently improve and extend network coverage: Reconfigurable Intelligent Surfaces (RIS) and Unmanned Autonomous Vehicles (UAV).<\/p><p>RIS provide the ability to configure their electromagnetic responses, allowing a greater degree of freedom for capacity improvements and energy savings, provided they can be orchestrated in a timely manner. UAVs, on the other hand, can provide temporary or permanent coverage to certain areas at a much lower cost than a traditional deployment. The integration of RIS and UAVs opens up new opportunities to improve coverage and reduce energy consumption.<\/p><p>This project addresses the design of a sustainable extended edge for B5G networks, composed of vRANs, RIS and UAVs. It pursues the development of the necessary mechanisms to optimize the operation of virtualized Base Stations (vBS), designing a control plane to support RIS configuration and introducing newly designed UAVs into the overall network orchestration, all taking into account the end user's quality of experience (QoE).<\/p>\t\t\t\t\t\t<\/div>\n\t\t\t\t<\/div>\n\t\t\t\t\t<\/div>\n\t\t<\/div>\n\t\t\t\t\t\t\t<\/div>\n\t\t<\/section>\n\t\t\t\t<section class=\"elementor-section elementor-top-section elementor-element elementor-element-6d8e68fe elementor-section-boxed elementor-section-height-default elementor-section-height-default\" data-id=\"6d8e68fe\" data-element_type=\"section\">\n\t\t\t\t\t\t<div class=\"elementor-container elementor-column-gap-default\">\n\t\t\t\t\t<div class=\"elementor-column elementor-col-100 elementor-top-column elementor-element elementor-element-2cf168fb\" data-id=\"2cf168fb\" data-element_type=\"column\">\n\t\t\t<div class=\"elementor-widget-wrap elementor-element-populated\">\n\t\t\t\t\t\t\t\t<div class=\"elementor-element elementor-element-4015b1c5 elementor-widget elementor-widget-heading\" data-id=\"4015b1c5\" data-element_type=\"widget\" data-widget_type=\"heading.default\">\n\t\t\t\t<div class=\"elementor-widget-container\">\n\t\t\t<span class=\"elementor-heading-title elementor-size-default\">Project manager<\/span>\t\t<\/div>\n\t\t\t\t<\/div>\n\t\t\t\t\t<\/div>\n\t\t<\/div>\n\t\t\t\t\t\t\t<\/div>\n\t\t<\/section>\n\t\t\t\t<section class=\"elementor-section elementor-top-section elementor-element elementor-element-1b096b46 elementor-section-boxed elementor-section-height-default elementor-section-height-default\" data-id=\"1b096b46\" data-element_type=\"section\">\n\t\t\t\t\t\t<div class=\"elementor-container elementor-column-gap-default\">\n\t\t\t\t\t<div class=\"elementor-column elementor-col-100 elementor-top-column elementor-element elementor-element-73d79b43\" data-id=\"73d79b43\" data-element_type=\"column\">\n\t\t\t<div class=\"elementor-widget-wrap\">\n\t\t\t\t\t\t\t\t\t<\/div>\n\t\t<\/div>\n\t\t\t\t\t\t\t<\/div>\n\t\t<\/section>\n\t\t\t\t<section class=\"elementor-section elementor-top-section elementor-element elementor-element-f4ab5a6 elementor-section-boxed elementor-section-height-default elementor-section-height-default\" data-id=\"f4ab5a6\" data-element_type=\"section\" data-settings=\"{&quot;shape_divider_top&quot;:&quot;pyramids&quot;}\">\n\t\t\t\t\t<div class=\"elementor-shape elementor-shape-top\" data-negative=\"false\">\n\t\t\t<svg xmlns=\"http:\/\/www.w3.org\/2000\/svg\" viewbox=\"0 0 1000 100\" preserveaspectratio=\"none\">\n\t<path class=\"elementor-shape-fill\" d=\"M761.9,44.1L643.1,27.2L333.8,98L0,3.8V0l1000,0v3.9\"\/>\n<\/svg>\t\t<\/div>\n\t\t\t\t\t<div class=\"elementor-container elementor-column-gap-default\">\n\t\t\t\t\t<div class=\"elementor-column elementor-col-100 elementor-top-column elementor-element elementor-element-33b7d9a8\" data-id=\"33b7d9a8\" data-element_type=\"column\">\n\t\t\t<div class=\"elementor-widget-wrap elementor-element-populated\">\n\t\t\t\t\t\t\t\t<div class=\"elementor-element elementor-element-8238919 elementor-widget elementor-widget-text-editor\" data-id=\"8238919\" data-element_type=\"widget\" data-settings=\"{&quot;_animation&quot;:&quot;none&quot;}\" data-widget_type=\"text-editor.default\">\n\t\t\t\t<div class=\"elementor-widget-container\">\n\t\t\t\t\t\t\t<p>Pablo Serrano has been a full professor in the Department of Telematics Engineering at UC3M since 2002.<\/p><p>He has done research stays at the Univ. of Massachusetts Amherst, University of Edinburgh, Trinity College Dublin, Univ. of Rome Tor Vergata, and Telef\u00f3nica I+D Barcelona.<\/p><p>He has participated in several research projects (national and European), acting as Principal Investigator of the following project <a href=\"https:\/\/hexa-x.eu\" target=\"_blank\" rel=\"noopener\">Hexa-X<\/a>, the H2020 project <a href=\"https:\/\/flex5gware.eu\" target=\"_blank\" rel=\"noopener\">Flex5Gware<\/a> and the regional project <a href=\"https:\/\/tigre5-cm.networks.imdea.org\/\" target=\"_blank\" rel=\"noopener\">Tigre5-CM<\/a>. His research interests are in wireless network analysis and the design of network protocols and systems.<\/p>\t\t\t\t\t\t<\/div>\n\t\t\t\t<\/div>\n\t\t\t\t\t<\/div>\n\t\t<\/div>\n\t\t\t\t\t\t\t<\/div>\n\t\t<\/section>\n\t\t\t\t<section class=\"elementor-section elementor-top-section elementor-element elementor-element-669c2b9 elementor-section-boxed elementor-section-height-default elementor-section-height-default\" data-id=\"669c2b9\" data-element_type=\"section\">\n\t\t\t\t\t\t<div class=\"elementor-container elementor-column-gap-default\">\n\t\t\t\t\t<div class=\"elementor-column elementor-col-100 elementor-top-column elementor-element elementor-element-28fac766\" data-id=\"28fac766\" data-element_type=\"column\">\n\t\t\t<div class=\"elementor-widget-wrap elementor-element-populated\">\n\t\t\t\t\t\t\t\t<div class=\"elementor-element elementor-element-653998b5 elementor-widget elementor-widget-heading\" data-id=\"653998b5\" data-element_type=\"widget\" data-widget_type=\"heading.default\">\n\t\t\t\t<div class=\"elementor-widget-container\">\n\t\t\t<h2 class=\"elementor-heading-title elementor-size-default\">Subprojects<\/h2>\t\t<\/div>\n\t\t\t\t<\/div>\n\t\t\t\t\t<\/div>\n\t\t<\/div>\n\t\t\t\t\t\t\t<\/div>\n\t\t<\/section>\n\t\t\t\t<section class=\"elementor-section elementor-top-section elementor-element elementor-element-3d802e51 elementor-section-boxed elementor-section-height-default elementor-section-height-default\" data-id=\"3d802e51\" data-element_type=\"section\">\n\t\t\t\t\t\t<div class=\"elementor-container elementor-column-gap-default\">\n\t\t\t\t\t<div class=\"elementor-column elementor-col-33 elementor-top-column elementor-element elementor-element-622cf854\" data-id=\"622cf854\" data-element_type=\"column\">\n\t\t\t<div class=\"elementor-widget-wrap elementor-element-populated\">\n\t\t\t\t\t\t\t\t<div class=\"elementor-element elementor-element-75fb2ad8 elementor-position-top elementor-vertical-align-top elementor-widget elementor-widget-image-box\" data-id=\"75fb2ad8\" data-element_type=\"widget\" data-widget_type=\"image-box.default\">\n\t\t\t\t<div class=\"elementor-widget-container\">\n\t\t\t<style>\/*! elementor - v3.6.6 - 08-06-2022 *\/\n.elementor-widget-image-box .elementor-image-box-content{width:100%}@media (min-width:768px){.elementor-widget-image-box.elementor-position-left .elementor-image-box-wrapper,.elementor-widget-image-box.elementor-position-right .elementor-image-box-wrapper{display:-webkit-box;display:-ms-flexbox;display:flex}.elementor-widget-image-box.elementor-position-right .elementor-image-box-wrapper{text-align:right;-webkit-box-orient:horizontal;-webkit-box-direction:reverse;-ms-flex-direction:row-reverse;flex-direction:row-reverse}.elementor-widget-image-box.elementor-position-left .elementor-image-box-wrapper{text-align:left;-webkit-box-orient:horizontal;-webkit-box-direction:normal;-ms-flex-direction:row;flex-direction:row}.elementor-widget-image-box.elementor-position-top .elementor-image-box-img{margin:auto}.elementor-widget-image-box.elementor-vertical-align-top .elementor-image-box-wrapper{-webkit-box-align:start;-ms-flex-align:start;align-items:flex-start}.elementor-widget-image-box.elementor-vertical-align-middle .elementor-image-box-wrapper{-webkit-box-align:center;-ms-flex-align:center;align-items:center}.elementor-widget-image-box.elementor-vertical-align-bottom .elementor-image-box-wrapper{-webkit-box-align:end;-ms-flex-align:end;align-items:flex-end}}@media (max-width:767px){.elementor-widget-image-box .elementor-image-box-img{margin-left:auto!important;margin-right:auto!important;margin-bottom:15px}}.elementor-widget-image-box .elementor-image-box-img{display:inline-block}.elementor-widget-image-box .elementor-image-box-title a{color:inherit}.elementor-widget-image-box .elementor-image-box-wrapper{text-align:center}.elementor-widget-image-box .elementor-image-box-description{margin:0}<\/style><div class=\"elementor-image-box-wrapper\"><figure class=\"elementor-image-box-img\"><img width=\"450\" height=\"300\" src=\"https:\/\/unica6g.it.uc3m.es\/wp-content\/uploads\/2022\/06\/world-g2be2ec5e2_1920-e1654865411420.jpg\" class=\"elementor-animation-grow attachment-full size-full\" alt=\"\" loading=\"lazy\" \/><\/figure><div class=\"elementor-image-box-content\"><h4 class=\"elementor-image-box-title\">SORUS-RAN<\/h4><p class=\"elementor-image-box-description\">Thanks to virtualization, base stations (BSs) can become software stacks that can be deployed on various platforms, such as commodity servers, small embedded devices or mobile nodes. Thanks to this paradigm shift, networks will be able to provide greater flexibility in their performance, network densification will be more efficient, and there will be a reduction in resource consumption.<\/p><\/div><\/div>\t\t<\/div>\n\t\t\t\t<\/div>\n\t\t\t\t\t<\/div>\n\t\t<\/div>\n\t\t\t\t<div class=\"elementor-column elementor-col-33 elementor-top-column elementor-element elementor-element-2c62470f\" data-id=\"2c62470f\" data-element_type=\"column\">\n\t\t\t<div class=\"elementor-widget-wrap elementor-element-populated\">\n\t\t\t\t\t\t\t\t<div class=\"elementor-element elementor-element-1bb98acb elementor-position-top elementor-vertical-align-top elementor-widget elementor-widget-image-box\" data-id=\"1bb98acb\" data-element_type=\"widget\" data-widget_type=\"image-box.default\">\n\t\t\t\t<div class=\"elementor-widget-container\">\n\t\t\t<div class=\"elementor-image-box-wrapper\"><figure class=\"elementor-image-box-img\"><img width=\"1920\" height=\"1280\" src=\"https:\/\/unica6g.it.uc3m.es\/wp-content\/uploads\/2022\/06\/binary-g30db4c167_1920.jpg\" class=\"elementor-animation-grow attachment-full size-full\" alt=\"\" loading=\"lazy\" \/><\/figure><div class=\"elementor-image-box-content\"><h4 class=\"elementor-image-box-title\">SORUS-RIS<\/h4><p class=\"elementor-image-box-description\">RIS provide the ability to configure their electromagnetic responses, allowing a greater degree of freedom to improve capacity and save energy, provided they can be configured (orchestrated) in sufficiently low times to allow for system improvement. <\/p><\/div><\/div>\t\t<\/div>\n\t\t\t\t<\/div>\n\t\t\t\t\t<\/div>\n\t\t<\/div>\n\t\t\t\t<div class=\"elementor-column elementor-col-33 elementor-top-column elementor-element elementor-element-fd10c82\" data-id=\"fd10c82\" data-element_type=\"column\">\n\t\t\t<div class=\"elementor-widget-wrap elementor-element-populated\">\n\t\t\t\t\t\t\t\t<div class=\"elementor-element elementor-element-22109ca4 elementor-position-top elementor-vertical-align-top elementor-widget elementor-widget-image-box\" data-id=\"22109ca4\" data-element_type=\"widget\" data-widget_type=\"image-box.default\">\n\t\t\t\t<div class=\"elementor-widget-container\">\n\t\t\t<div class=\"elementor-image-box-wrapper\"><figure class=\"elementor-image-box-img\"><img width=\"450\" height=\"300\" src=\"https:\/\/unica6g.it.uc3m.es\/wp-content\/uploads\/2022\/06\/fiber-optic-g9282151fb_1280-e1654865448161.jpg\" class=\"elementor-animation-grow attachment-full size-full\" alt=\"\" loading=\"lazy\" \/><\/figure><div class=\"elementor-image-box-content\"><h4 class=\"elementor-image-box-title\">SORUS-DRONES<\/h4><p class=\"elementor-image-box-description\">Network deployment with Unmanned Autonomous Unmanned Vehicles (UAVs). UAVs can provide temporary or permanent coverage to certain areas at a much lower deployment cost than a traditional deployment. The integration of RIS and UAVs opens up new opportunities to improve coverage and reduce energy consumption.<\/p><\/div><\/div>\t\t<\/div>\n\t\t\t\t<\/div>\n\t\t\t\t\t<\/div>\n\t\t<\/div>\n\t\t\t\t\t\t\t<\/div>\n\t\t<\/section>\n\t\t\t\t\t\t\t<\/div>","protected":false},"excerpt":{"rendered":"<p>Orquestaci\u00f3n sostenible de vRAN, UAV y superficies para 6G La virtualizaci\u00f3n de red es uno de los enfoques m\u00e1s prometedores para mejorar el rendimiento y la eficiencia de la red m\u00f3vil; tal es as\u00ed que ya se emplea en funciones asociadas al l\u00edmite de la red: la virtualizaci\u00f3n de la red de acceso por radio&hellip; <br \/> <a class=\"read-more\" href=\"https:\/\/unica6g.it.uc3m.es\/en\/6g-sorus\/\">Read more<\/a><\/p>","protected":false},"author":1,"featured_media":0,"parent":0,"menu_order":0,"comment_status":"closed","ping_status":"closed","template":"","meta":[],"_links":{"self":[{"href":"https:\/\/unica6g.it.uc3m.es\/en\/wp-json\/wp\/v2\/pages\/774"}],"collection":[{"href":"https:\/\/unica6g.it.uc3m.es\/en\/wp-json\/wp\/v2\/pages"}],"about":[{"href":"https:\/\/unica6g.it.uc3m.es\/en\/wp-json\/wp\/v2\/types\/page"}],"author":[{"embeddable":true,"href":"https:\/\/unica6g.it.uc3m.es\/en\/wp-json\/wp\/v2\/users\/1"}],"replies":[{"embeddable":true,"href":"https:\/\/unica6g.it.uc3m.es\/en\/wp-json\/wp\/v2\/comments?post=774"}],"version-history":[{"count":66,"href":"https:\/\/unica6g.it.uc3m.es\/en\/wp-json\/wp\/v2\/pages\/774\/revisions"}],"predecessor-version":[{"id":1538,"href":"https:\/\/unica6g.it.uc3m.es\/en\/wp-json\/wp\/v2\/pages\/774\/revisions\/1538"}],"wp:attachment":[{"href":"https:\/\/unica6g.it.uc3m.es\/en\/wp-json\/wp\/v2\/media?parent=774"}],"curies":[{"name":"wp","href":"https:\/\/api.w.org\/{rel}","templated":true}]}}