{"id":1818,"date":"2024-03-12T14:58:17","date_gmt":"2024-03-12T13:58:17","guid":{"rendered":"https:\/\/unica6g.it.uc3m.es\/?page_id=1818"},"modified":"2025-03-25T10:54:59","modified_gmt":"2025-03-25T09:54:59","slug":"videos","status":"publish","type":"page","link":"https:\/\/unica6g.it.uc3m.es\/en\/6g-datadriven\/videos\/","title":{"rendered":"6G-DATADRIVEN | Videos"},"content":{"rendered":"<p>Explanatory videos, demos, and interviews related to the project will be uploaded in this section. Click on the link to go to the Youtube channel: <a href=\"https:\/\/www.youtube.com\/@6g-datadriven\/videos\" target=\"_blank\" rel=\"noopener\">https:\/\/www.youtube.com\/@6g-datadriven\/videos<\/a><\/p>\n<h3>Videos<\/h3>\n<p><iframe loading=\"lazy\" width=\"100%\" height=\"640px\" src=\"https:\/\/www.youtube.com\/embed\/MjrW4OD5hwo?si=60FAWv58GyzK25re\" title=\"YouTube video player\" frameborder=\"0\" allow=\"accelerometer; autoplay; clipboard-write; encrypted-media; gyroscope; picture-in-picture; web-share\" referrerpolicy=\"strict-origin-when-cross-origin\" allowfullscreen><\/iframe><\/p>\n<p><iframe loading=\"lazy\" title=\"YouTube video player\" src=\"https:\/\/www.youtube.com\/embed\/Ugkxj-ugMjduZERMGDk_K9z52bQK4zQc__WI\" width=\"100%\" height=\"640px\" frameborder=\"0\" allowfullscreen=\"allowfullscreen\"><\/iframe><\/p>\n<p><iframe loading=\"lazy\" title=\"YouTube video player\" src=\"https:\/\/www.youtube.com\/embed\/KR1czUk9RKE?si=DVRsYnheVwJBp7pD\" width=\"100%\" height=\"640px\" frameborder=\"0\" allowfullscreen=\"allowfullscreen\"><\/iframe><\/p>\n<p><iframe loading=\"lazy\" title=\"YouTube video player\" src=\"https:\/\/www.youtube.com\/embed\/4Tyhc_xVJzo?si=fPEIPb9nX22iRR4G\" width=\"100%\" height=\"640px\" frameborder=\"0\" allowfullscreen=\"allowfullscreen\"><\/iframe><\/p>\n<p><iframe loading=\"lazy\" title=\"YouTube video player\" src=\"https:\/\/www.youtube.com\/embed\/7GbbjovdLDc?si=dPOt1eJM4wTaHjNb\" width=\"100%\" height=\"640px\" frameborder=\"0\" allowfullscreen=\"allowfullscreen\"><\/iframe><\/p>\n<p><iframe loading=\"lazy\" title=\"YouTube video player\" src=\"https:\/\/www.youtube.com\/embed\/jIzC2l-H6eY?si=oBaNHZXqIB3rYYPW\" width=\"100%\" height=\"640px\" frameborder=\"0\" allowfullscreen=\"allowfullscreen\"><\/iframe><\/p>\n<p><iframe loading=\"lazy\" title=\"YouTube video player\" src=\"https:\/\/www.youtube.com\/embed\/nzU4VzZXS2Q?si=kJQnyJNi1mFxrjz0\" width=\"100%\" height=\"640px\" frameborder=\"0\" allowfullscreen=\"allowfullscreen\"><\/iframe><\/p>\n<p><iframe loading=\"lazy\" title=\"YouTube video player\" src=\"https:\/\/www.youtube.com\/embed\/ZrrHO5XgSt4?si=84t9VGpHJUiv5vIJ\" width=\"100%\" height=\"640px\" frameborder=\"0\" allowfullscreen=\"allowfullscreen\"><\/iframe><\/p>\n<p><iframe loading=\"lazy\" title=\"YouTube video player\" src=\"https:\/\/www.youtube.com\/embed\/Bcb0ux1gxUc?si=UEiAb94yVOwFHIgZ\" width=\"100%\" height=\"640px\" frameborder=\"0\" allowfullscreen=\"allowfullscreen\"><\/iframe><\/p>\n<p><iframe loading=\"lazy\" title=\"YouTube video player\" src=\"https:\/\/www.youtube.com\/embed\/-xsUh1DjZnw?si=NPFv1DcZdycK7hGa\" width=\"100%\" height=\"640px\" frameborder=\"0\" allowfullscreen=\"allowfullscreen\"><\/iframe><\/p>\n<p><iframe loading=\"lazy\" title=\"YouTube video player\" src=\"https:\/\/www.youtube.com\/embed\/JeMYqJDwppk?si=4T0Q4LJfaA1VlqRj\" width=\"100%\" height=\"640px\" frameborder=\"0\" allowfullscreen=\"allowfullscreen\"><\/iframe><\/p>\n<p><iframe loading=\"lazy\" title=\"YouTube video player\" src=\"https:\/\/www.youtube.com\/embed\/h2XalrAZDyM?si=2weUZv_1sjS2y1qN\" width=\"100%\" height=\"640px\" frameborder=\"0\" allowfullscreen=\"allowfullscreen\"><\/iframe><\/p>\n<p><iframe loading=\"lazy\" title=\"YouTube video player\" src=\"\/\/www.youtube.com\/embed\/yeoZ4CmLfrw?si=bcbYeqfY3Ikvub3H\" width=\"100%\" height=\"640px\" frameborder=\"0\" allowfullscreen=\"allowfullscreen\"><span data-mce-type=\"bookmark\" style=\"display: inline-block; width: 0px; overflow: hidden; line-height: 0;\" class=\"mce_SELRES_start\"><\/span><\/iframe><\/p>\n<p><iframe loading=\"lazy\" title=\"YouTube video player\" src=\"\/\/www.youtube.com\/embed\/yeoZ4CmLfrw?si=bcbYeqfY3Ikvub3H\" width=\"100%\" height=\"640px\" frameborder=\"0\" allowfullscreen=\"allowfullscreen\"><span data-mce-type=\"bookmark\" style=\"display: inline-block; width: 0px; overflow: hidden; line-height: 0;\" class=\"mce_SELRES_start\"><\/span><\/iframe><\/p>\n<p><iframe loading=\"lazy\" title=\"YouTube video player\" src=\"\/\/www.youtube.com\/embed\/DhZ_VwJyOm0?si=2pY0Q-Ve8VJnBTVR\" width=\"100%\" height=\"640px\" frameborder=\"0\" allowfullscreen=\"allowfullscreen\"><span data-mce-type=\"bookmark\" style=\"display: inline-block; width: 0px; overflow: hidden; line-height: 0;\" class=\"mce_SELRES_start\"><\/span><\/iframe><\/p>\n<p><iframe loading=\"lazy\" title=\"YouTube video player\" src=\"\/\/www.youtube.com\/embed\/bXe4Gm9fxmM?si=eAYvuERNyju0FhEU\" width=\"100%\" height=\"640px\" frameborder=\"0\" allowfullscreen=\"allowfullscreen\"><span data-mce-type=\"bookmark\" style=\"display: inline-block; width: 0px; overflow: hidden; line-height: 0;\" class=\"mce_SELRES_start\"><\/span><\/iframe><\/p>","protected":false},"excerpt":{"rendered":"<p>En esta secci\u00f3n se subir\u00e1n v\u00eddeos explicativos, demos y entrevistas relacionados con el proyecto. Haz click en el siguiente enlace para acceder al canal de Youtube: https:\/\/www.youtube.com\/@6g-datadriven\/videos Videos \ufeff \ufeff \ufeff <\/p>","protected":false},"author":1,"featured_media":0,"parent":7,"menu_order":0,"comment_status":"closed","ping_status":"closed","template":"","meta":[],"_links":{"self":[{"href":"https:\/\/unica6g.it.uc3m.es\/en\/wp-json\/wp\/v2\/pages\/1818"}],"collection":[{"href":"https:\/\/unica6g.it.uc3m.es\/en\/wp-json\/wp\/v2\/pages"}],"about":[{"href":"https:\/\/unica6g.it.uc3m.es\/en\/wp-json\/wp\/v2\/types\/page"}],"author":[{"embeddable":true,"href":"https:\/\/unica6g.it.uc3m.es\/en\/wp-json\/wp\/v2\/users\/1"}],"replies":[{"embeddable":true,"href":"https:\/\/unica6g.it.uc3m.es\/en\/wp-json\/wp\/v2\/comments?post=1818"}],"version-history":[{"count":21,"href":"https:\/\/unica6g.it.uc3m.es\/en\/wp-json\/wp\/v2\/pages\/1818\/revisions"}],"predecessor-version":[{"id":2071,"href":"https:\/\/unica6g.it.uc3m.es\/en\/wp-json\/wp\/v2\/pages\/1818\/revisions\/2071"}],"up":[{"embeddable":true,"href":"https:\/\/unica6g.it.uc3m.es\/en\/wp-json\/wp\/v2\/pages\/7"}],"wp:attachment":[{"href":"https:\/\/unica6g.it.uc3m.es\/en\/wp-json\/wp\/v2\/media?parent=1818"}],"curies":[{"name":"wp","href":"https:\/\/api.w.org\/{rel}","templated":true}]}}